{"id":2792,"date":"2024-02-01T22:08:33","date_gmt":"2024-02-01T20:08:33","guid":{"rendered":"http:\/\/www.coma14teatro.com\/?page_id=2792"},"modified":"2024-02-02T13:47:22","modified_gmt":"2024-02-02T11:47:22","slug":"cuento-de-navidad-encapsulando-a-dickens","status":"publish","type":"page","link":"https:\/\/www.coma14teatro.com\/ca\/cuento-de-navidad-encapsulando-a-dickens\/","title":{"rendered":"Conte de nadal (encapsulant a Dickens)"},"content":{"rendered":"<p>[et_pb_section bb_built=\u00bb1&#8243; disabled_on=\u00bboff|off|off\u00bb _builder_version=\u00bb3.6&#8243; background_image=\u00bbhttp:\/\/www.coma14teatro.com\/wp-content\/uploads\/2018\/02\/coma14-fondo-1080&#215;1080.jpg\u00bb parallax=\u00bbon\u00bb parallax_method=\u00bboff\u00bb custom_padding=\u00bb0px|0|0px|0px|false|false\u00bb][et_pb_row custom_padding=\u00bb46px|0px|0px|0px\u00bb _builder_version=\u00bb3.0.74&#8243; module_alignment=\u00bbcenter\u00bb][et_pb_column type=\u00bb4_4&#8243;][et_pb_text _builder_version=\u00bb3.6&#8243; custom_margin=\u00bb20px||20px|\u00bb]<\/p>\n<h1><span style=\"font-size: x-large; color: #333333;\"><strong>CONTE DE NADAL<br \/>\n(encapsulant a Dickens)<\/strong><\/span><\/h1>\n<p>[\/et_pb_text][\/et_pb_column][\/et_pb_row][et_pb_row custom_padding=\u00bb0px|0px|25.5781px|0px\u00bb _builder_version=\u00bb3.6&#8243;][et_pb_column type=\u00bb4_4&#8243;][et_pb_code admin_label=\u00bbV\u00cdDEO\u00bb _builder_version=\u00bb3.6&#8243;]&lt;iframe src=\u00bbhttps:\/\/www.youtube.com\/embed\/tfC0ArjNs_E?si=4HFzmtQUOSR_JQEZ\u00bb width=\u00bb560&#8243; height=\u00bb315&#8243; frameborder=\u00bb0&#8243; allowfullscreen=\u00bballowfullscreen\u00bb&gt;&lt;\/iframe&gt;[\/et_pb_code][\/et_pb_column][\/et_pb_row][et_pb_row custom_padding=\u00bb|||\u00bb make_equal=\u00bbon\u00bb module_id_1=\u00bbds-vertical-align\u00bb module_id_2=\u00bbds-vertical-align\u00bb module_class_1=\u00bbds-vertical-align\u00bb module_class_2=\u00bbds-vertical-align\u00bb _builder_version=\u00bb3.6&#8243; module_alignment=\u00bbcenter\u00bb custom_padding_last_edited=\u00bbon|phone\u00bb padding_2_last_edited=\u00bbon|tablet\u00bb][et_pb_column type=\u00bb2_3&#8243;][et_pb_text admin_label=\u00bbTexto escritorio manuscrito sinopsis\u00bb module_id=\u00bbds-vertical-align\u00bb module_class=\u00bbds-vertical-align\u00bb _builder_version=\u00bb3.6&#8243; custom_margin=\u00bb|||\u00bb]<\/p>\n<div class=\"page\" title=\"Page 2\">\n<div class=\"layoutArea\">\n<div class=\"column\">\n<h3 style=\"text-align: JUSTIFY;\"><span style=\"font-size: medium; color: #000000;\">Hi ha hist\u00f2ries que ens canvien per dins per sempre, la meva \u00e9s aquesta, Conte de Nadal, de Charles Dickens. Un any la meva \u00e0via Maria Ant\u00f2nia va decidir que llegir\u00edem el llibre abans del sopar aquella nit de Nadal i sense adonar-se ho va convertir en una tradici\u00f3 familiar.<\/span><\/h3>\n<h3 style=\"text-align: justify;\"><span style=\"font-size: medium; color: #000000;\">Ara em toca a mi contar-vos la hist\u00f2ria del vell Scrooge. Per a fer-ho he ideat un mecanisme sorprenent en el meu taller i crec que, a la fi, est\u00e0 llest&#8230; o gaireb\u00e9&#8230;<\/span><\/h3>\n<\/div>\n<\/div>\n<\/div>\n<p>[\/et_pb_text][\/et_pb_column][et_pb_column type=\u00bb1_3&#8243;][et_pb_image admin_label=\u00bbcartel escritorio\u00bb src=\u00bbhttp:\/\/www.coma14teatro.com\/wp-content\/uploads\/2024\/01\/Cartel-CUENTO-DE-NAVIDAD-web-CAST.jpg\u00bb show_in_lightbox=\u00bbon\u00bb align=\u00bbcenter\u00bb module_id=\u00bbds-vertical-alig\u00bb module_class=\u00bbds-vertical-alig\u00bb _builder_version=\u00bb3.6&#8243; border_width_all=\u00bb1px\u00bb border_color_all=\u00bb#d6901e\u00bb custom_margin=\u00bb|||\u00bb use_border_color=\u00bbon\u00bb border_color=\u00bb#0c0c0c\u00bb show_bottom_space=\u00bboff\u00bb custom_padding=\u00bb|||40px\u00bb custom_padding_last_edited=\u00bbon|phone\u00bb custom_padding_tablet=\u00bb||20px|0px\u00bb \/][\/et_pb_column][\/et_pb_row][et_pb_row use_custom_width=\u00bbon\u00bb _builder_version=\u00bb3.0.74&#8243;][et_pb_column type=\u00bb4_4&#8243;][et_pb_accordion icon_color=\u00bb#e09900&#8243; _builder_version=\u00bb3.6&#8243; toggle_font_size=\u00bb12px\u00bb db_initial_state=\u00bball_closed\u00bb][et_pb_accordion_item title=\u00bbDOSSIER I FITXA T\u00c8CNICA\u00bb open=\u00bbon\u00bb _builder_version=\u00bb3.6&#8243; title_text_shadow_horizontal_length=\u00bb0em\u00bb title_text_shadow_vertical_length=\u00bb0em\u00bb title_text_shadow_blur_strength=\u00bb0em\u00bb body_text_shadow_horizontal_length=\u00bb0em\u00bb body_text_shadow_vertical_length=\u00bb0em\u00bb body_text_shadow_blur_strength=\u00bb0em\u00bb custom_margin=\u00bb0px||0px|\u00bb custom_margin_tablet=\u00bb0px||0px|\u00bb custom_margin_phone=\u00bb0px||0px|\u00bb use_background_color_gradient=\u00bboff\u00bb background_color_gradient_start=\u00bb#2b87da\u00bb background_color_gradient_end=\u00bb#29c4a9&#8243; background_color_gradient_type=\u00bblinear\u00bb background_color_gradient_direction=\u00bb180deg\u00bb background_color_gradient_direction_radial=\u00bbcenter\u00bb background_color_gradient_start_position=\u00bb0%\u00bb background_color_gradient_end_position=\u00bb100%\u00bb background_color_gradient_overlays_image=\u00bboff\u00bb parallax=\u00bboff\u00bb parallax_method=\u00bbon\u00bb background_size=\u00bbcover\u00bb background_position=\u00bbcenter\u00bb background_repeat=\u00bbno-repeat\u00bb background_blend=\u00bbnormal\u00bb allow_player_pause=\u00bboff\u00bb background_video_pause_outside_viewport=\u00bbon\u00bb text_shadow_style=\u00bbnone\u00bb box_shadow_style=\u00bbnone\u00bb text_shadow_horizontal_length=\u00bb0em\u00bb text_shadow_vertical_length=\u00bb0em\u00bb text_shadow_blur_strength=\u00bb0em\u00bb]<\/p>\n<p><span style=\"color: #000000;\"><a title=\"Dossier Cuento de Navidad (encapsulando a Dickens)\" href=\"https:\/\/mega.nz\/file\/nhFVFIzQ#TdUeNMWvGiP9nP1qovnmb1R2yZxgNyXt-M0OTTZDXn0\" target=\"_blank\" rel=\"noopener\"><strong>DOSSIER A4. COMPLETO.<\/strong> PDF 5.3Mb<\/a><br \/>\n<\/span><span style=\"color: #000000;\"><a title=\"FICHA T\u00c9CNICA CUENTO DE NAVIDAD (encapsulando a Dickens)\" href=\"https:\/\/mega.nz\/file\/yxNGFKBY#kmxwdNNG3vRnA571QLrpr5DYf81mDujAkct70uMe85w\" target=\"_blank\" rel=\"noopener\"><strong>FICHA T\u00c9CNICA.<\/strong> PDF 633Kb<\/a><\/span><\/p>\n<p>[\/et_pb_accordion_item][et_pb_accordion_item title=\u00bbMATERIAL DE PREMSA\u00bb open=\u00bboff\u00bb _builder_version=\u00bb3.6&#8243; title_text_shadow_horizontal_length=\u00bb0em\u00bb title_text_shadow_vertical_length=\u00bb0em\u00bb title_text_shadow_blur_strength=\u00bb0em\u00bb body_text_shadow_horizontal_length=\u00bb0em\u00bb body_text_shadow_vertical_length=\u00bb0em\u00bb body_text_shadow_blur_strength=\u00bb0em\u00bb custom_margin=\u00bb0px||0px|\u00bb use_background_color_gradient=\u00bboff\u00bb background_color_gradient_start=\u00bb#2b87da\u00bb background_color_gradient_end=\u00bb#29c4a9&#8243; background_color_gradient_type=\u00bblinear\u00bb background_color_gradient_direction=\u00bb180deg\u00bb background_color_gradient_direction_radial=\u00bbcenter\u00bb background_color_gradient_start_position=\u00bb0%\u00bb background_color_gradient_end_position=\u00bb100%\u00bb background_color_gradient_overlays_image=\u00bboff\u00bb parallax=\u00bboff\u00bb parallax_method=\u00bbon\u00bb background_size=\u00bbcover\u00bb background_position=\u00bbcenter\u00bb background_repeat=\u00bbno-repeat\u00bb background_blend=\u00bbnormal\u00bb allow_player_pause=\u00bboff\u00bb background_video_pause_outside_viewport=\u00bbon\u00bb text_shadow_style=\u00bbnone\u00bb custom_margin_tablet=\u00bb0px||0px|\u00bb custom_margin_phone=\u00bb0px||0px|\u00bb box_shadow_style=\u00bbnone\u00bb text_shadow_horizontal_length=\u00bb0em\u00bb text_shadow_vertical_length=\u00bb0em\u00bb text_shadow_blur_strength=\u00bb0em\u00bb]<\/p>\n<p><span style=\"color: #000000;\"><a title=\"Selecci\u00f3n fotogr\u00e1fica Cuento de Navidad (encapsulando a Dickens)\" href=\"https:\/\/mega.nz\/folder\/3sUTmCzS#-dCcgpHVRduPXJ93qpYlTw\" target=\"_blank\" rel=\"noopener\"><strong>SELECCI\u00d3 FOTOGR\u00c0FICA<\/strong><br \/>\n<\/a><\/span><a title=\"Cartel Cuento de Navidad A3\" href=\"https:\/\/mega.nz\/file\/Cw1jgKgL#UNi8SiTV3WyVp8M4qZOXPgQBW5VCfRwSnjYIexrgBDg\" target=\"_blank\" rel=\"noopener\"><strong>CARTELL.<\/strong> A3 JPEG 843Kb. 3508&#215;24961. 300ppp<\/a><br \/>\n<span style=\"color: #000000;\"><a title=\"V\u00eddeo teaser Conte de Nadal\" href=\"https:\/\/mega.nz\/file\/PtNWzJgR#vcaYUAFejA6fAAYVMlHKcrD_8KrsRUv61Z1JcZhUzJ0\" target=\"_blank\" rel=\"noopener\"><strong>DESCARREGA V\u00cdDEO TEASER. <\/strong>52 Mb.<\/a><br \/>\n<a title=\"V\u00eddeo teaser Cuento de Navidad\" href=\"https:\/\/youtu.be\/FSrdkNPWI0Y?si=fwQYyUmzGrfaceXo\" target=\"_blank\" rel=\"noopener\"><strong>LINK YOUTUBE V\u00cdDEO TEASER. 1<\/strong>\u00a0min.<\/a><br \/>\n<\/span><\/p>\n<p>[\/et_pb_accordion_item][et_pb_accordion_item title=\u00bbGIRA I VENDA D\u00b4ENTRADES\u00bb open=\u00bboff\u00bb _builder_version=\u00bb3.6&#8243; title_text_shadow_horizontal_length=\u00bb0em\u00bb title_text_shadow_vertical_length=\u00bb0em\u00bb title_text_shadow_blur_strength=\u00bb0em\u00bb body_text_shadow_horizontal_length=\u00bb0em\u00bb body_text_shadow_vertical_length=\u00bb0em\u00bb body_text_shadow_blur_strength=\u00bb0em\u00bb custom_margin=\u00bb0px||0px|\u00bb use_background_color_gradient=\u00bboff\u00bb background_color_gradient_start=\u00bb#2b87da\u00bb background_color_gradient_end=\u00bb#29c4a9&#8243; background_color_gradient_type=\u00bblinear\u00bb background_color_gradient_direction=\u00bb180deg\u00bb background_color_gradient_direction_radial=\u00bbcenter\u00bb background_color_gradient_start_position=\u00bb0%\u00bb background_color_gradient_end_position=\u00bb100%\u00bb background_color_gradient_overlays_image=\u00bboff\u00bb parallax=\u00bboff\u00bb parallax_method=\u00bbon\u00bb background_size=\u00bbcover\u00bb background_position=\u00bbcenter\u00bb background_repeat=\u00bbno-repeat\u00bb background_blend=\u00bbnormal\u00bb allow_player_pause=\u00bboff\u00bb background_video_pause_outside_viewport=\u00bbon\u00bb text_shadow_style=\u00bbnone\u00bb custom_margin_tablet=\u00bb0px||0px|\u00bb custom_margin_phone=\u00bb0px||0px|\u00bb box_shadow_style=\u00bbnone\u00bb text_shadow_horizontal_length=\u00bb0em\u00bb text_shadow_vertical_length=\u00bb0em\u00bb text_shadow_blur_strength=\u00bb0em\u00bb]<\/p>\n<p>2023<\/p>\n<p>Estreno en el Teatre Sa Teulera. Andratx. Mallorca. 22 y 23 de diciembre<\/p>\n<p>[\/et_pb_accordion_item][\/et_pb_accordion][\/et_pb_column][\/et_pb_row][et_pb_row custom_padding=\u00bb27px|0px|0|0px|false|false\u00bb make_equal=\u00bbon\u00bb module_class_1=\u00bbds-vertical-align\u00bb module_class_2=\u00bbds-vertical-align\u00bb _builder_version=\u00bb3.6&#8243; module_alignment=\u00bbcenter\u00bb background_color=\u00bb#ffffff\u00bb background_color_1=\u00bb#ffffff\u00bb border_color_all=\u00bbrgba(51,51,51,0)\u00bb][et_pb_column type=\u00bb4_4&#8243;][et_pb_text _builder_version=\u00bb3.6&#8243;]<\/p>\n<p>Col\u00b7labora<\/p>\n<p>[\/et_pb_text][\/et_pb_column][\/et_pb_row][et_pb_row make_equal=\u00bbon\u00bb module_class_2=\u00bbds-vertical-align\u00bb _builder_version=\u00bb3.6&#8243; module_alignment=\u00bbcenter\u00bb background_color=\u00bb#ffffff\u00bb background_color_1=\u00bb#ffffff\u00bb border_width_all=\u00bb1px\u00bb][et_pb_column type=\u00bb1_2&#8243;][et_pb_image _builder_version=\u00bb3.6&#8243; src=\u00bbhttp:\/\/www.coma14teatro.com\/wp-content\/uploads\/2022\/09\/logo_definit-p.png\u00bb align=\u00bbcenter\u00bb max_width=\u00bb20%\u00bb url=\u00bbhttps:\/\/societemouffette.com\/espectaculos\/\u00bb url_new_window=\u00bbon\u00bb module_alignment=\u00bbcenter\u00bb custom_padding=\u00bb15px||15px|\u00bb \/][\/et_pb_column][et_pb_column type=\u00bb1_2&#8243;][et_pb_image _builder_version=\u00bb3.6&#8243; src=\u00bbhttp:\/\/www.coma14teatro.com\/wp-content\/uploads\/2018\/12\/logo-coma14-cat.jpg\u00bb align=\u00bbcenter\u00bb max_width=\u00bb20%\u00bb module_alignment=\u00bbcenter\u00bb custom_padding=\u00bb15px||15px|\u00bb \/][\/et_pb_column][\/et_pb_row][et_pb_row custom_padding=\u00bb40px|||\u00bb make_equal=\u00bbon\u00bb module_class_1=\u00bbds-vertical-align\u00bb module_class_2=\u00bbds-vertical-align\u00bb _builder_version=\u00bb3.6&#8243; module_alignment=\u00bbcenter\u00bb][et_pb_column type=\u00bb4_4&#8243;][et_pb_text admin_label=\u00bbTITULO FICHA ARTISTICA ESCRITORIO\u00bb _builder_version=\u00bb3.6&#8243; header_text_align=\u00bbleft\u00bb custom_padding_last_edited=\u00bbon|tablet\u00bb custom_padding_tablet=\u00bb40px|||\u00bb]<\/p>\n<div class=\"page\" title=\"Page 2\">\n<div class=\"layoutArea\">\n<div class=\"column\">\n<h3 style=\"text-align: left;\"><b style=\"font-size: 25px;\">FITXA ART\u00cdSTICA<\/b><\/h3>\n<div class=\"page\" title=\"Page 2\">\n<div class=\"layoutArea\">\n<div class=\"column\">\n<h3 style=\"text-align: left;\">Conte de nadal <br \/>\n(encapsulant a Dickens)<\/h3>\n<\/div>\n<\/div>\n<\/div>\n<\/div>\n<\/div>\n<\/div>\n<p>[\/et_pb_text][\/et_pb_column][\/et_pb_row][et_pb_row custom_padding=\u00bb25px|0px|25px|0px|false|false\u00bb make_equal=\u00bbon\u00bb use_background_color_gradient_1=\u00bbon\u00bb use_background_color_gradient_2=\u00bbon\u00bb background_color_gradient_start_1=\u00bb#d6901e\u00bb background_color_gradient_start_2=\u00bb#d6901e\u00bb background_color_gradient_end_1=\u00bb#ffffff\u00bb background_color_gradient_end_2=\u00bb#ffffff\u00bb background_color_gradient_direction_1=\u00bb90deg\u00bb background_color_gradient_direction_2=\u00bb90deg\u00bb background_color_gradient_start_position_1=\u00bb0%\u00bb background_color_gradient_start_position_2=\u00bb0%\u00bb background_color_gradient_end_position_1=\u00bb1%\u00bb background_color_gradient_end_position_2=\u00bb1%\u00bb background_color_gradient_overlays_image_1=\u00bboff\u00bb _builder_version=\u00bb3.6&#8243; background_color_gradient_direction=\u00bb90deg\u00bb module_alignment=\u00bbcenter\u00bb][et_pb_column type=\u00bb1_2&#8243;][et_pb_text admin_label=\u00bbFICHA ARTISTICA 1 ESCRITORIO\u00bb _builder_version=\u00bb3.6&#8243; custom_padding=\u00bb|||15px\u00bb]<\/p>\n<h1><span style=\"color: #000000; font-size: 20px; line-height: 1;\">Autor\u00eda<strong><br \/>\nCharles Dickens<\/strong><\/span><\/h1>\n<h1><span style=\"color: #000000; font-size: 20px;\">Dramat\u00fargia<strong><br \/>\nVera Gonz\u00e1lez i Tolo Ferr\u00e0<\/strong><br \/>\n<\/span><\/h1>\n<h1><span style=\"color: #000000; font-size: 20px;\">Disseny d&#8217;escenografia<strong><br \/>\nAmaya Cortaire<\/strong><br \/>\n<\/span><\/h1>\n<h1><span style=\"color: #000000; font-size: 20px;\">Composici\u00f3 musical i espai sonor<br \/>\n<strong>I\u00f1aki Rubio<\/strong><\/span><\/h1>\n<h1><span style=\"color: #000000; font-size: 20px;\">Int\u00e8rpret\/actriu castell\u00e0<strong><br \/>\nVera Gonz\u00e1lez<\/strong><br \/>\n<\/span><\/h1>\n<h1><span style=\"color: #000000; font-size: 20px;\">Int\u00e8rpret\/actriu catal\u00e0<br \/>\n<strong>Xisca Ferr\u00e0<br \/>\n<\/strong><\/span><\/h1>\n<p>[\/et_pb_text][\/et_pb_column][et_pb_column type=\u00bb1_2&#8243;][et_pb_text admin_label=\u00bbFICHA ARTISTICA 2 ESCRITORIO\u00bb _builder_version=\u00bb3.6&#8243; custom_margin=\u00bb|||15px\u00bb]<\/p>\n<h1><span style=\"color: #000000; font-size: 20px;\">Construcci\u00f3 escenografia i atrezzo<br \/>\n<strong>Amaya Cortaire i Elena C. Galindo<br \/>\n<\/strong><\/span><\/h1>\n<h1><span style=\"color: #000000; font-size: 20px;\">Fotografia i v\u00eddeo<br \/>\n<strong>Josep Alorda<\/strong><\/span><\/h1>\n<h1><span style=\"color: #000000; font-size: 20px;\">Producci\u00f3<br \/>\n<strong>COMA14 i Soci\u00e9t\u00e9 Mouffette<\/strong><\/span><\/h1>\n<h1><span style=\"color: #000000; font-size: 20px;\">Amb les ajudes de<br \/>\n<strong>ICIB i CONSELL DE MALLORCA<\/strong><\/span><\/h1>\n<p>[\/et_pb_text][\/et_pb_column][\/et_pb_row][et_pb_row _builder_version=\u00bb3.6&#8243; custom_padding=\u00bb||40px|\u00bb custom_padding_last_edited=\u00bbon|phone\u00bb][et_pb_column type=\u00bb4_4&#8243;][et_pb_gallery _builder_version=\u00bb3.6&#8243; gallery_ids=\u00bb2835,2836,2837,2838,2839,2840,2841,2842,2843,2844,2845,2846&#8243; posts_number=\u00bb12&#8243; db_image_max_height_tablet=\u00bb501&#8243; db_image_object_fit=\u00bbcover\u00bb zoom_icon_color=\u00bb#d6901e\u00bb hover_overlay_color=\u00bbrgba(255,255,255,0.9)\u00bb db_image_center_titles=\u00bbleft\u00bb dbdb_image_count_font_size_tablet=\u00bb51&#8243; dbdb_image_count_line_height_tablet=\u00bb2&#8243; show_title_and_caption=\u00bboff\u00bb show_pagination=\u00bboff\u00bb orientation=\u00bbportrait\u00bb \/][\/et_pb_column][\/et_pb_row][\/et_pb_section]<\/p>\n","protected":false},"excerpt":{"rendered":"<p>[et_pb_section bb_built=\u00bb1&#8243; disabled_on=\u00bboff|off|off\u00bb _builder_version=\u00bb3.6&#8243; background_image=\u00bbhttp:\/\/www.coma14teatro.com\/wp-content\/uploads\/2018\/02\/coma14-fondo-1080&#215;1080.jpg\u00bb parallax=\u00bbon\u00bb parallax_method=\u00bboff\u00bb custom_padding=\u00bb0px|0|0px|0px|fal&#8230;<\/p>\n","protected":false},"author":1,"featured_media":0,"parent":0,"menu_order":0,"comment_status":"closed","ping_status":"closed","template":"","meta":{"footnotes":""},"aioseo_notices":[],"_links":{"self":[{"href":"https:\/\/www.coma14teatro.com\/ca\/wp-json\/wp\/v2\/pages\/2792"}],"collection":[{"href":"https:\/\/www.coma14teatro.com\/ca\/wp-json\/wp\/v2\/pages"}],"about":[{"href":"https:\/\/www.coma14teatro.com\/ca\/wp-json\/wp\/v2\/types\/page"}],"author":[{"embeddable":true,"href":"https:\/\/www.coma14teatro.com\/ca\/wp-json\/wp\/v2\/users\/1"}],"replies":[{"embeddable":true,"href":"https:\/\/www.coma14teatro.com\/ca\/wp-json\/wp\/v2\/comments?post=2792"}],"version-history":[{"count":31,"href":"https:\/\/www.coma14teatro.com\/ca\/wp-json\/wp\/v2\/pages\/2792\/revisions"}],"predecessor-version":[{"id":2868,"href":"https:\/\/www.coma14teatro.com\/ca\/wp-json\/wp\/v2\/pages\/2792\/revisions\/2868"}],"wp:attachment":[{"href":"https:\/\/www.coma14teatro.com\/ca\/wp-json\/wp\/v2\/media?parent=2792"}],"curies":[{"name":"wp","href":"https:\/\/api.w.org\/{rel}","templated":true}]}}